{"id":2682,"date":"2024-06-05T01:46:21","date_gmt":"2024-06-05T01:46:21","guid":{"rendered":"https:\/\/investway.org\/?page_id=2682"},"modified":"2024-06-05T01:46:26","modified_gmt":"2024-06-05T01:46:26","slug":"disclaimer","status":"publish","type":"page","link":"https:\/\/investway.org\/pt\/isencao-de-responsabilidade\/","title":{"rendered":"Isen\u00e7\u00e3o de responsabilidade"},"content":{"rendered":"<p>As informa\u00e7\u00f5es fornecidas pela Investway (\u201cn\u00f3s\u201d, \u201cnos\u201d ou \u201cnosso\u201d) em\u00a0<a href=\"https:\/\/investway.org\/pt\/\" target=\"_blank\" rel=\"noreferrer noopener\">https:\/\/investway.org<\/a>\u00a0(o \u201cSite\u201d) \u00e9 apenas para fins informativos gerais. Todas as informa\u00e7\u00f5es no Site s\u00e3o fornecidas de boa f\u00e9, por\u00e9m n\u00e3o fazemos nenhuma representa\u00e7\u00e3o ou garantia de qualquer tipo, expressa ou impl\u00edcita, em rela\u00e7\u00e3o \u00e0 exatid\u00e3o, adequa\u00e7\u00e3o, validade, confiabilidade, disponibilidade ou integridade de qualquer informa\u00e7\u00e3o no Site. SOB NENHUMA CIRCUNST\u00c2NCIA TEREMOS QUALQUER RESPONSABILIDADE PERANTE VOC\u00ca POR QUALQUER PERDA OU DANO DE QUALQUER TIPO INCORRIDO COMO RESULTADO DO USO DO SITE OU CONFIAN\u00c7A EM QUALQUER INFORMA\u00c7\u00c3O FORNECIDA NO SITE. SEU USO DO SITE E SUA CONFIAN\u00c7A EM QUALQUER INFORMA\u00c7\u00c3O DO SITE \u00c9 EXCLUSIVAMENTE POR SUA CONTA E RISCO.<\/p>\n\n\n\n<h4 class=\"wp-block-heading\">ISEN\u00c7\u00c3O DE LINKS EXTERNOS<\/h4>\n\n\n\n<p>O Site pode conter (ou voc\u00ea pode ser enviado atrav\u00e9s do Site) links para outros sites ou conte\u00fado pertencente ou originado de terceiros ou links para sites e recursos em banners ou outra publicidade. Esses links externos n\u00e3o s\u00e3o investigados, monitorados ou verificados quanto \u00e0 precis\u00e3o, adequa\u00e7\u00e3o, validade, confiabilidade, disponibilidade ou integridade por n\u00f3s. N\u00c3O GARANTIMOS, ENDOSSAMOS, GARANTIA OU ASSUMIMOS RESPONSABILIDADE PELA PRECIS\u00c3O OU CONFIABILIDADE DE QUALQUER INFORMA\u00c7\u00c3O OFERECIDA POR SITES DE TERCEIROS LIGADOS ATRAV\u00c9S DO SITE OU DE QUALQUER SITE OU RECURSO LIGADO A QUALQUER BANNER OU OUTRA PUBLICIDADE. N\u00c3O SEREMOS PARTE OU DE QUALQUER FORMA RESPONS\u00c1VEIS POR MONITORAR QUALQUER TRANSA\u00c7\u00c3O ENTRE VOC\u00ca E FORNECEDORES TERCEIROS DE PRODUTOS OU SERVI\u00c7OS.<\/p>\n\n\n\n<h4 class=\"wp-block-heading\">ISEN\u00c7\u00c3O DE RESPONSABILIDADE DE AFILIADOS<\/h4>\n\n\n\n<p>O Site pode conter links para sites afiliados, e recebemos uma comiss\u00e3o de afiliado por quaisquer compras feitas por voc\u00ea no site afiliado usando esses links. Nossas afiliadas incluem o seguinte:<\/p>\n\n\n\n<ul class=\"wp-block-list\">\n<li>Op\u00e7\u00f5es bin\u00e1rias<\/li>\n\n\n\n<li>Criptomoeda<\/li>\n\n\n\n<li>Forex<\/li>\n<\/ul>","protected":false},"excerpt":{"rendered":"As informa\u00e7\u00f5es fornecidas pela Investway (\u201cn\u00f3s\u201d, \u201cnos\u201d ou \u201cnosso\u201d) em https:\/\/investway.org (o \u201cSite\u201d) s\u00e3o apenas para fins informativos gerais. Todas as informa\u00e7\u00f5es do Site s\u00e3o fornecidas\u2026","protected":false},"author":1,"featured_media":0,"parent":0,"menu_order":0,"comment_status":"closed","ping_status":"closed","template":"","meta":{"csco_display_header_overlay":false,"csco_singular_sidebar":"","csco_page_header_type":"","footnotes":""},"class_list":{"0":"post-2682","1":"page","2":"type-page","3":"status-publish","5":"cs-entry"},"yoast_head":"<!-- This site is optimized with the Yoast SEO plugin v27.0 - https:\/\/yoast.com\/product\/yoast-seo-wordpress\/ -->\n<title>Disclaimer - Investway<\/title>\n<meta name=\"robots\" content=\"index, follow, max-snippet:-1, max-image-preview:large, max-video-preview:-1\" \/>\n<link rel=\"canonical\" href=\"https:\/\/investway.org\/pt\/isencao-de-responsabilidade\/\" \/>\n<meta property=\"og:locale\" content=\"pt_PT\" \/>\n<meta property=\"og:type\" content=\"article\" \/>\n<meta property=\"og:title\" content=\"Disclaimer - Investway\" \/>\n<meta property=\"og:description\" content=\"The information provided by\u00a0Investway\u00a0(&#8220;we,&#8221; &#8220;us,&#8221; or &#8220;our&#8221;) on\u00a0https:\/\/investway.org\u00a0(the\u00a0&#8220;Site&#8221;)\u00a0is for general informational purposes only. All information on\u00a0the Site\u00a0is provided&hellip;\" \/>\n<meta property=\"og:url\" content=\"https:\/\/investway.org\/pt\/isencao-de-responsabilidade\/\" \/>\n<meta property=\"og:site_name\" content=\"Investway\" \/>\n<meta property=\"article:modified_time\" content=\"2024-06-05T01:46:26+00:00\" \/>\n<meta name=\"twitter:card\" content=\"summary_large_image\" \/>\n<meta name=\"twitter:label1\" content=\"Est. reading time\" \/>\n\t<meta name=\"twitter:data1\" content=\"2 minutos\" \/>\n<script type=\"application\/ld+json\" class=\"yoast-schema-graph\">{\"@context\":\"https:\/\/schema.org\",\"@graph\":[{\"@type\":\"WebPage\",\"@id\":\"https:\/\/investway.org\/disclaimer\/\",\"url\":\"https:\/\/investway.org\/disclaimer\/\",\"name\":\"Disclaimer - Investway\",\"isPartOf\":{\"@id\":\"https:\/\/investway.org\/#website\"},\"datePublished\":\"2024-06-05T01:46:21+00:00\",\"dateModified\":\"2024-06-05T01:46:26+00:00\",\"breadcrumb\":{\"@id\":\"https:\/\/investway.org\/disclaimer\/#breadcrumb\"},\"inLanguage\":\"pt-AO\",\"potentialAction\":[{\"@type\":\"ReadAction\",\"target\":[\"https:\/\/investway.org\/disclaimer\/\"]}]},{\"@type\":\"BreadcrumbList\",\"@id\":\"https:\/\/investway.org\/disclaimer\/#breadcrumb\",\"itemListElement\":[{\"@type\":\"ListItem\",\"position\":1,\"name\":\"Home\",\"item\":\"https:\/\/investway.org\/\"},{\"@type\":\"ListItem\",\"position\":2,\"name\":\"Disclaimer\"}]},{\"@type\":\"WebSite\",\"@id\":\"https:\/\/investway.org\/#website\",\"url\":\"https:\/\/investway.org\/\",\"name\":\"Investway\",\"description\":\"Tips and Information Regarding Investment and Finance\",\"publisher\":{\"@id\":\"https:\/\/investway.org\/#organization\"},\"potentialAction\":[{\"@type\":\"SearchAction\",\"target\":{\"@type\":\"EntryPoint\",\"urlTemplate\":\"https:\/\/investway.org\/?s={search_term_string}\"},\"query-input\":{\"@type\":\"PropertyValueSpecification\",\"valueRequired\":true,\"valueName\":\"search_term_string\"}}],\"inLanguage\":\"pt-AO\"},{\"@type\":\"Organization\",\"@id\":\"https:\/\/investway.org\/#organization\",\"name\":\"Investway\",\"url\":\"https:\/\/investway.org\/\",\"logo\":{\"@type\":\"ImageObject\",\"inLanguage\":\"pt-AO\",\"@id\":\"https:\/\/investway.org\/#\/schema\/logo\/image\/\",\"url\":\"https:\/\/investway.org\/wp-content\/uploads\/2024\/05\/logo-investway.png\",\"contentUrl\":\"https:\/\/investway.org\/wp-content\/uploads\/2024\/05\/logo-investway.png\",\"width\":5000,\"height\":3000,\"caption\":\"Investway\"},\"image\":{\"@id\":\"https:\/\/investway.org\/#\/schema\/logo\/image\/\"}}]}<\/script>\n<!-- \/ Yoast SEO plugin. -->","yoast_head_json":{"title":"Disclaimer - Investway","robots":{"index":"index","follow":"follow","max-snippet":"max-snippet:-1","max-image-preview":"max-image-preview:large","max-video-preview":"max-video-preview:-1"},"canonical":"https:\/\/investway.org\/pt\/isencao-de-responsabilidade\/","og_locale":"pt_PT","og_type":"article","og_title":"Disclaimer - Investway","og_description":"The information provided by\u00a0Investway\u00a0(&#8220;we,&#8221; &#8220;us,&#8221; or &#8220;our&#8221;) on\u00a0https:\/\/investway.org\u00a0(the\u00a0&#8220;Site&#8221;)\u00a0is for general informational purposes only. All information on\u00a0the Site\u00a0is provided&hellip;","og_url":"https:\/\/investway.org\/pt\/isencao-de-responsabilidade\/","og_site_name":"Investway","article_modified_time":"2024-06-05T01:46:26+00:00","twitter_card":"summary_large_image","twitter_misc":{"Est. reading time":"2 minutos"},"schema":{"@context":"https:\/\/schema.org","@graph":[{"@type":"WebPage","@id":"https:\/\/investway.org\/disclaimer\/","url":"https:\/\/investway.org\/disclaimer\/","name":"Disclaimer - Investway","isPartOf":{"@id":"https:\/\/investway.org\/#website"},"datePublished":"2024-06-05T01:46:21+00:00","dateModified":"2024-06-05T01:46:26+00:00","breadcrumb":{"@id":"https:\/\/investway.org\/disclaimer\/#breadcrumb"},"inLanguage":"pt-AO","potentialAction":[{"@type":"ReadAction","target":["https:\/\/investway.org\/disclaimer\/"]}]},{"@type":"BreadcrumbList","@id":"https:\/\/investway.org\/disclaimer\/#breadcrumb","itemListElement":[{"@type":"ListItem","position":1,"name":"Home","item":"https:\/\/investway.org\/"},{"@type":"ListItem","position":2,"name":"Disclaimer"}]},{"@type":"WebSite","@id":"https:\/\/investway.org\/#website","url":"https:\/\/investway.org\/","name":"Investway","description":"Tips and Information Regarding Investment and Finance","publisher":{"@id":"https:\/\/investway.org\/#organization"},"potentialAction":[{"@type":"SearchAction","target":{"@type":"EntryPoint","urlTemplate":"https:\/\/investway.org\/?s={search_term_string}"},"query-input":{"@type":"PropertyValueSpecification","valueRequired":true,"valueName":"search_term_string"}}],"inLanguage":"pt-AO"},{"@type":"Organization","@id":"https:\/\/investway.org\/#organization","name":"Investway","url":"https:\/\/investway.org\/","logo":{"@type":"ImageObject","inLanguage":"pt-AO","@id":"https:\/\/investway.org\/#\/schema\/logo\/image\/","url":"https:\/\/investway.org\/wp-content\/uploads\/2024\/05\/logo-investway.png","contentUrl":"https:\/\/investway.org\/wp-content\/uploads\/2024\/05\/logo-investway.png","width":5000,"height":3000,"caption":"Investway"},"image":{"@id":"https:\/\/investway.org\/#\/schema\/logo\/image\/"}}]}},"_links":{"self":[{"href":"https:\/\/investway.org\/pt\/wp-json\/wp\/v2\/pages\/2682","targetHints":{"allow":["GET"]}}],"collection":[{"href":"https:\/\/investway.org\/pt\/wp-json\/wp\/v2\/pages"}],"about":[{"href":"https:\/\/investway.org\/pt\/wp-json\/wp\/v2\/types\/page"}],"author":[{"embeddable":true,"href":"https:\/\/investway.org\/pt\/wp-json\/wp\/v2\/users\/1"}],"replies":[{"embeddable":true,"href":"https:\/\/investway.org\/pt\/wp-json\/wp\/v2\/comments?post=2682"}],"version-history":[{"count":0,"href":"https:\/\/investway.org\/pt\/wp-json\/wp\/v2\/pages\/2682\/revisions"}],"wp:attachment":[{"href":"https:\/\/investway.org\/pt\/wp-json\/wp\/v2\/media?parent=2682"}],"curies":[{"name":"wp","href":"https:\/\/api.w.org\/{rel}","templated":true}]}}